{"id":1619,"date":"2020-12-28T09:35:02","date_gmt":"2020-12-28T09:35:02","guid":{"rendered":"https:\/\/iqrealestate.ch?page_id=1619"},"modified":"2023-02-16T13:03:48","modified_gmt":"2023-02-16T13:03:48","slug":"competitive-pricing","status":"publish","type":"page","link":"https:\/\/iqrealestate.ch\/fr\/competitive-pricing\/","title":{"rendered":"Tarif comp\u00e9titif"},"content":{"rendered":"<div data-elementor-type=\"wp-page\" data-elementor-id=\"1619\" class=\"elementor elementor-1619\" data-elementor-settings=\"[]\">\n\t\t\t\t\t\t<div class=\"elementor-inner\">\n\t\t\t\t\t\t\t<div class=\"elementor-section-wrap\">\n\t\t\t\t\t\t\t<section class=\"elementor-section elementor-top-section elementor-element elementor-element-4746c78 elementor-section-content-middle elementor-section-boxed elementor-section-height-default elementor-section-height-default\" data-id=\"4746c78\" data-element_type=\"section\">\n\t\t\t\t\t\t<div class=\"elementor-container elementor-column-gap-no\">\n\t\t\t\t\t\t\t<div class=\"elementor-row\">\n\t\t\t\t\t<div class=\"elementor-column elementor-col-50 elementor-top-column elementor-element elementor-element-1076995\" data-id=\"1076995\" data-element_type=\"column\">\n\t\t\t<div class=\"elementor-column-wrap elementor-element-populated\">\n\t\t\t\t\t\t\t<div class=\"elementor-widget-wrap\">\n\t\t\t\t\t\t<div class=\"elementor-element elementor-element-ad80ffa elementor-widget elementor-widget-image\" data-id=\"ad80ffa\" data-element_type=\"widget\" data-widget_type=\"image.default\">\n\t\t\t\t<div class=\"elementor-widget-container\">\n\t\t\t\t\t<div class=\"elementor-image\">\n\t\t\t\t\t\t\t\t\t\t<img width=\"2500\" height=\"1845\" src=\"https:\/\/iqrealestate.ch\/wp-content\/uploads\/2020\/12\/13.jpg\" class=\"attachment-full size-full\" alt=\"\" loading=\"lazy\" srcset=\"https:\/\/iqrealestate.ch\/wp-content\/uploads\/2020\/12\/13.jpg 2500w, https:\/\/iqrealestate.ch\/wp-content\/uploads\/2020\/12\/13-300x221.jpg 300w, https:\/\/iqrealestate.ch\/wp-content\/uploads\/2020\/12\/13-1024x756.jpg 1024w, https:\/\/iqrealestate.ch\/wp-content\/uploads\/2020\/12\/13-768x567.jpg 768w, https:\/\/iqrealestate.ch\/wp-content\/uploads\/2020\/12\/13-1536x1134.jpg 1536w, https:\/\/iqrealestate.ch\/wp-content\/uploads\/2020\/12\/13-2048x1511.jpg 2048w\" sizes=\"(max-width: 2500px) 100vw, 2500px\" \/>\t\t\t\t\t\t\t\t\t\t\t<\/div>\n\t\t\t\t<\/div>\n\t\t\t\t<\/div>\n\t\t\t\t\t\t<\/div>\n\t\t\t\t\t<\/div>\n\t\t<\/div>\n\t\t\t\t<div class=\"elementor-column elementor-col-50 elementor-top-column elementor-element elementor-element-5d4d5b9\" data-id=\"5d4d5b9\" data-element_type=\"column\">\n\t\t\t<div class=\"elementor-column-wrap elementor-element-populated\">\n\t\t\t\t\t\t\t<div class=\"elementor-widget-wrap\">\n\t\t\t\t\t\t<div class=\"elementor-element elementor-element-482371a elementor-widget elementor-widget-heading\" data-id=\"482371a\" data-element_type=\"widget\" data-widget_type=\"heading.default\">\n\t\t\t\t<div class=\"elementor-widget-container\">\n\t\t\t<h4 class=\"elementor-heading-title elementor-size-default\">2 mod\u00e8les de courtage<\/h4>\t\t<\/div>\n\t\t\t\t<\/div>\n\t\t\t\t<div class=\"elementor-element elementor-element-46324c0 elementor-widget elementor-widget-text-editor\" data-id=\"46324c0\" data-element_type=\"widget\" data-widget_type=\"text-editor.default\">\n\t\t\t\t<div class=\"elementor-widget-container\">\n\t\t\t\t\t<div class=\"elementor-text-editor elementor-clearfix\"><p><span style=\"color: #000000;\">Nous avons maintenant <b>2 mod\u00e8les de courtage<\/b>:<\/span><\/p>\n<ul>\n<li><span style=\"color: #000000;\"><b>\ufeffLe traditionnel : <\/b>au succ\u00e8s +\u2028<\/span><span style=\"color: #000000; font-family: var( --e-global-typography-text-font-family ), Sans-serif;\">&nbsp;2.5% = simple mandate, &nbsp;2.1% = exclusive mandate + full support<\/span><\/li>\n<li><span style=\"color: #000000;\"><b>Le mod\u00e8le au forfait:<\/b> avec 0% de commission pour des biens immobiliers jusqu'\u00e0 2,5 millions CHF<\/span><br><span style=\"color: #000000;\">1. \ufeff\ufeff\ufeff0% de commission<\/span><br><span style=\"color: #000000;\">Nous rentrons le<\/span>&nbsp;<span style=\"color: #000000;\">mandat + organisons les visites, mais le propri\u00e9taire les fait<\/span><br><span style=\"color: #000000;\">3. \ufeff\ufeff\ufeffNous prenons la publicit\u00e9 et les annonces en charge<\/span><br><span style=\"color: #000000;\">4. \ufeff\ufeff\ufeff2500.- +TVA lors de la signature du mandat<\/span><br><span style=\"color: #000000;\">5. \ufeff\ufeff\ufeff7500.- +TVA en cas de vente du bien<\/span><\/li>\n<\/ul><\/div>\n\t\t\t\t<\/div>\n\t\t\t\t<\/div>\n\t\t\t\t\t\t<\/div>\n\t\t\t\t\t<\/div>\n\t\t<\/div>\n\t\t\t\t\t\t\t\t<\/div>\n\t\t\t\t\t<\/div>\n\t\t<\/section>\n\t\t\t\t\t\t<\/div>\n\t\t\t\t\t\t<\/div>\n\t\t\t\t\t<\/div>","protected":false},"excerpt":{"rendered":"<p>2 Brokerage Models We now have 2 brokerage models: The traditional model: success-based +&nbsp;2.5% = simple mandate, &nbsp;2.1% = exclusive mandate + full support The&hellip;<\/p>","protected":false},"author":1,"featured_media":0,"parent":0,"menu_order":0,"comment_status":"closed","ping_status":"closed","template":"","meta":[],"yoast_head":"<!-- This site is optimized with the Yoast SEO plugin v17.9 - https:\/\/yoast.com\/wordpress\/plugins\/seo\/ -->\n<title>Competitive pricing - iQ Real Estate<\/title>\n<meta name=\"robots\" content=\"index, follow, max-snippet:-1, max-image-preview:large, max-video-preview:-1\" \/>\n<link rel=\"canonical\" href=\"https:\/\/iqrealestate.ch\/fr\/competitive-pricing\/\" \/>\n<meta property=\"og:locale\" content=\"fr_FR\" \/>\n<meta property=\"og:type\" content=\"article\" \/>\n<meta property=\"og:title\" content=\"Competitive pricing - iQ Real Estate\" \/>\n<meta property=\"og:description\" content=\"2 Brokerage Models We now have 2 brokerage models: The traditional model: success-based +&nbsp;2.5% = simple mandate, &nbsp;2.1% = exclusive mandate + full support The&hellip;\" \/>\n<meta property=\"og:url\" content=\"https:\/\/iqrealestate.ch\/fr\/competitive-pricing\/\" \/>\n<meta property=\"og:site_name\" content=\"iQ Real Estate\" \/>\n<meta property=\"article:publisher\" content=\"https:\/\/www.facebook.com\/IQ-Real-Estate-2023640417928491\" \/>\n<meta property=\"article:modified_time\" content=\"2023-02-16T13:03:48+00:00\" \/>\n<meta property=\"og:image\" content=\"https:\/\/iqrealestate.ch\/wp-content\/uploads\/2020\/12\/13.jpg\" \/>\n<meta name=\"twitter:card\" content=\"summary_large_image\" \/>\n<meta name=\"twitter:label1\" content=\"Dur\u00e9e de lecture estim\u00e9e\" \/>\n\t<meta name=\"twitter:data1\" content=\"1 minute\" \/>\n<script type=\"application\/ld+json\" class=\"yoast-schema-graph\">{\"@context\":\"https:\/\/schema.org\",\"@graph\":[{\"@type\":\"Organization\",\"@id\":\"https:\/\/iqrealestate.ch\/en\/#organization\",\"name\":\"iQ Real Estate\",\"url\":\"https:\/\/iqrealestate.ch\/en\/\",\"sameAs\":[\"https:\/\/www.facebook.com\/IQ-Real-Estate-2023640417928491\",\"https:\/\/www.instagram.com\/iq_real_estate_\/\",\"https:\/\/www.linkedin.com\/in\/brunostuder\/\"],\"logo\":{\"@type\":\"ImageObject\",\"@id\":\"https:\/\/iqrealestate.ch\/en\/#logo\",\"inLanguage\":\"fr-FR\",\"url\":\"https:\/\/iqrealestate.ch\/wp-content\/uploads\/2020\/12\/logo_iqrealestate.png\",\"contentUrl\":\"https:\/\/iqrealestate.ch\/wp-content\/uploads\/2020\/12\/logo_iqrealestate.png\",\"width\":246,\"height\":181,\"caption\":\"iQ Real Estate\"},\"image\":{\"@id\":\"https:\/\/iqrealestate.ch\/en\/#logo\"}},{\"@type\":\"WebSite\",\"@id\":\"https:\/\/iqrealestate.ch\/en\/#website\",\"url\":\"https:\/\/iqrealestate.ch\/en\/\",\"name\":\"iQ Real Estate\",\"description\":\"Achat et vente de biens; choisissez la r\\u00e9f\\u00e9rence \\u00e0 Gen\\u00e8ve\",\"publisher\":{\"@id\":\"https:\/\/iqrealestate.ch\/en\/#organization\"},\"potentialAction\":[{\"@type\":\"SearchAction\",\"target\":{\"@type\":\"EntryPoint\",\"urlTemplate\":\"https:\/\/iqrealestate.ch\/en\/?s={search_term_string}\"},\"query-input\":\"required name=search_term_string\"}],\"inLanguage\":\"fr-FR\"},{\"@type\":\"ImageObject\",\"@id\":\"https:\/\/iqrealestate.ch\/competitive-pricing\/#primaryimage\",\"inLanguage\":\"fr-FR\",\"url\":\"https:\/\/iqrealestate.ch\/wp-content\/uploads\/2020\/12\/13.jpg\",\"contentUrl\":\"https:\/\/iqrealestate.ch\/wp-content\/uploads\/2020\/12\/13.jpg\",\"width\":2500,\"height\":1845},{\"@type\":\"WebPage\",\"@id\":\"https:\/\/iqrealestate.ch\/competitive-pricing\/#webpage\",\"url\":\"https:\/\/iqrealestate.ch\/competitive-pricing\/\",\"name\":\"Competitive pricing - iQ Real Estate\",\"isPartOf\":{\"@id\":\"https:\/\/iqrealestate.ch\/en\/#website\"},\"primaryImageOfPage\":{\"@id\":\"https:\/\/iqrealestate.ch\/competitive-pricing\/#primaryimage\"},\"datePublished\":\"2020-12-28T09:35:02+00:00\",\"dateModified\":\"2023-02-16T13:03:48+00:00\",\"breadcrumb\":{\"@id\":\"https:\/\/iqrealestate.ch\/competitive-pricing\/#breadcrumb\"},\"inLanguage\":\"fr-FR\",\"potentialAction\":[{\"@type\":\"ReadAction\",\"target\":[\"https:\/\/iqrealestate.ch\/competitive-pricing\/\"]}]},{\"@type\":\"BreadcrumbList\",\"@id\":\"https:\/\/iqrealestate.ch\/competitive-pricing\/#breadcrumb\",\"itemListElement\":[{\"@type\":\"ListItem\",\"position\":1,\"name\":\"Accueil\",\"item\":\"https:\/\/iqrealestate.ch\/\"},{\"@type\":\"ListItem\",\"position\":2,\"name\":\"Competitive pricing\"}]}]}<\/script>\n<!-- \/ Yoast SEO plugin. -->","yoast_head_json":{"title":"Competitive pricing - iQ Real Estate","robots":{"index":"index","follow":"follow","max-snippet":"max-snippet:-1","max-image-preview":"max-image-preview:large","max-video-preview":"max-video-preview:-1"},"canonical":"https:\/\/iqrealestate.ch\/fr\/competitive-pricing\/","og_locale":"fr_FR","og_type":"article","og_title":"Competitive pricing - iQ Real Estate","og_description":"2 Brokerage Models We now have 2 brokerage models: The traditional model: success-based +&nbsp;2.5% = simple mandate, &nbsp;2.1% = exclusive mandate + full support The&hellip;","og_url":"https:\/\/iqrealestate.ch\/fr\/competitive-pricing\/","og_site_name":"iQ Real Estate","article_publisher":"https:\/\/www.facebook.com\/IQ-Real-Estate-2023640417928491","article_modified_time":"2023-02-16T13:03:48+00:00","og_image":[{"url":"https:\/\/iqrealestate.ch\/wp-content\/uploads\/2020\/12\/13.jpg"}],"twitter_card":"summary_large_image","twitter_misc":{"Dur\u00e9e de lecture estim\u00e9e":"1 minute"},"schema":{"@context":"https:\/\/schema.org","@graph":[{"@type":"Organization","@id":"https:\/\/iqrealestate.ch\/en\/#organization","name":"iQ Real Estate","url":"https:\/\/iqrealestate.ch\/en\/","sameAs":["https:\/\/www.facebook.com\/IQ-Real-Estate-2023640417928491","https:\/\/www.instagram.com\/iq_real_estate_\/","https:\/\/www.linkedin.com\/in\/brunostuder\/"],"logo":{"@type":"ImageObject","@id":"https:\/\/iqrealestate.ch\/en\/#logo","inLanguage":"fr-FR","url":"https:\/\/iqrealestate.ch\/wp-content\/uploads\/2020\/12\/logo_iqrealestate.png","contentUrl":"https:\/\/iqrealestate.ch\/wp-content\/uploads\/2020\/12\/logo_iqrealestate.png","width":246,"height":181,"caption":"iQ Real Estate"},"image":{"@id":"https:\/\/iqrealestate.ch\/en\/#logo"}},{"@type":"WebSite","@id":"https:\/\/iqrealestate.ch\/en\/#website","url":"https:\/\/iqrealestate.ch\/en\/","name":"iQ Real Estate","description":"Achat et vente de biens; choisissez la r\u00e9f\u00e9rence \u00e0 Gen\u00e8ve","publisher":{"@id":"https:\/\/iqrealestate.ch\/en\/#organization"},"potentialAction":[{"@type":"SearchAction","target":{"@type":"EntryPoint","urlTemplate":"https:\/\/iqrealestate.ch\/en\/?s={search_term_string}"},"query-input":"required name=search_term_string"}],"inLanguage":"fr-FR"},{"@type":"ImageObject","@id":"https:\/\/iqrealestate.ch\/competitive-pricing\/#primaryimage","inLanguage":"fr-FR","url":"https:\/\/iqrealestate.ch\/wp-content\/uploads\/2020\/12\/13.jpg","contentUrl":"https:\/\/iqrealestate.ch\/wp-content\/uploads\/2020\/12\/13.jpg","width":2500,"height":1845},{"@type":"WebPage","@id":"https:\/\/iqrealestate.ch\/competitive-pricing\/#webpage","url":"https:\/\/iqrealestate.ch\/competitive-pricing\/","name":"Competitive pricing - iQ Real Estate","isPartOf":{"@id":"https:\/\/iqrealestate.ch\/en\/#website"},"primaryImageOfPage":{"@id":"https:\/\/iqrealestate.ch\/competitive-pricing\/#primaryimage"},"datePublished":"2020-12-28T09:35:02+00:00","dateModified":"2023-02-16T13:03:48+00:00","breadcrumb":{"@id":"https:\/\/iqrealestate.ch\/competitive-pricing\/#breadcrumb"},"inLanguage":"fr-FR","potentialAction":[{"@type":"ReadAction","target":["https:\/\/iqrealestate.ch\/competitive-pricing\/"]}]},{"@type":"BreadcrumbList","@id":"https:\/\/iqrealestate.ch\/competitive-pricing\/#breadcrumb","itemListElement":[{"@type":"ListItem","position":1,"name":"Accueil","item":"https:\/\/iqrealestate.ch\/"},{"@type":"ListItem","position":2,"name":"Competitive pricing"}]}]}},"_links":{"self":[{"href":"https:\/\/iqrealestate.ch\/fr\/wp-json\/wp\/v2\/pages\/1619"}],"collection":[{"href":"https:\/\/iqrealestate.ch\/fr\/wp-json\/wp\/v2\/pages"}],"about":[{"href":"https:\/\/iqrealestate.ch\/fr\/wp-json\/wp\/v2\/types\/page"}],"author":[{"embeddable":true,"href":"https:\/\/iqrealestate.ch\/fr\/wp-json\/wp\/v2\/users\/1"}],"replies":[{"embeddable":true,"href":"https:\/\/iqrealestate.ch\/fr\/wp-json\/wp\/v2\/comments?post=1619"}],"version-history":[{"count":13,"href":"https:\/\/iqrealestate.ch\/fr\/wp-json\/wp\/v2\/pages\/1619\/revisions"}],"predecessor-version":[{"id":2134,"href":"https:\/\/iqrealestate.ch\/fr\/wp-json\/wp\/v2\/pages\/1619\/revisions\/2134"}],"wp:attachment":[{"href":"https:\/\/iqrealestate.ch\/fr\/wp-json\/wp\/v2\/media?parent=1619"}],"curies":[{"name":"wp","href":"https:\/\/api.w.org\/{rel}","templated":true}]}}