{"id":1608,"date":"2020-12-27T17:41:53","date_gmt":"2020-12-27T17:41:53","guid":{"rendered":"https:\/\/iqrealestate.ch?page_id=1608"},"modified":"2021-01-06T08:49:10","modified_gmt":"2021-01-06T08:49:10","slug":"business-intermediaries","status":"publish","type":"page","link":"https:\/\/iqrealestate.ch\/fr\/business-intermediaries\/","title":{"rendered":"Apporteurs d'affaires"},"content":{"rendered":"<div data-elementor-type=\"wp-page\" data-elementor-id=\"1608\" class=\"elementor elementor-1608\" data-elementor-settings=\"[]\">\n\t\t\t\t\t\t<div class=\"elementor-inner\">\n\t\t\t\t\t\t\t<div class=\"elementor-section-wrap\">\n\t\t\t\t\t\t\t<section class=\"elementor-section elementor-top-section elementor-element elementor-element-3f283bf0 elementor-section-content-middle elementor-section-boxed elementor-section-height-default elementor-section-height-default\" data-id=\"3f283bf0\" data-element_type=\"section\">\n\t\t\t\t\t\t<div class=\"elementor-container elementor-column-gap-no\">\n\t\t\t\t\t\t\t<div class=\"elementor-row\">\n\t\t\t\t\t<div class=\"elementor-column elementor-col-50 elementor-top-column elementor-element elementor-element-3ceac795\" data-id=\"3ceac795\" data-element_type=\"column\">\n\t\t\t<div class=\"elementor-column-wrap elementor-element-populated\">\n\t\t\t\t\t\t\t<div class=\"elementor-widget-wrap\">\n\t\t\t\t\t\t<div class=\"elementor-element elementor-element-3fd12c6d elementor-widget elementor-widget-image\" data-id=\"3fd12c6d\" data-element_type=\"widget\" data-widget_type=\"image.default\">\n\t\t\t\t<div class=\"elementor-widget-container\">\n\t\t\t\t\t<div class=\"elementor-image\">\n\t\t\t\t\t\t\t<figure class=\"wp-caption\">\n\t\t\t\t\t\t\t\t\t\t<img width=\"2560\" height=\"1707\" src=\"https:\/\/iqrealestate.ch\/wp-content\/uploads\/2021\/01\/shakehands-scaled.jpg\" class=\"attachment-full size-full\" alt=\"\" loading=\"lazy\" srcset=\"https:\/\/iqrealestate.ch\/wp-content\/uploads\/2021\/01\/shakehands-scaled.jpg 2560w, https:\/\/iqrealestate.ch\/wp-content\/uploads\/2021\/01\/shakehands-300x200.jpg 300w, https:\/\/iqrealestate.ch\/wp-content\/uploads\/2021\/01\/shakehands-1024x683.jpg 1024w, https:\/\/iqrealestate.ch\/wp-content\/uploads\/2021\/01\/shakehands-768x512.jpg 768w, https:\/\/iqrealestate.ch\/wp-content\/uploads\/2021\/01\/shakehands-1536x1024.jpg 1536w, https:\/\/iqrealestate.ch\/wp-content\/uploads\/2021\/01\/shakehands-2048x1365.jpg 2048w\" sizes=\"(max-width: 2560px) 100vw, 2560px\" \/>\t\t\t\t\t\t\t\t\t\t\t<figcaption class=\"widget-image-caption wp-caption-text\">Gagnez 25% de notre commission !<\/figcaption>\n\t\t\t\t\t\t\t\t\t\t<\/figure>\n\t\t\t\t\t<\/div>\n\t\t\t\t<\/div>\n\t\t\t\t<\/div>\n\t\t\t\t\t\t<\/div>\n\t\t\t\t\t<\/div>\n\t\t<\/div>\n\t\t\t\t<div class=\"elementor-column elementor-col-50 elementor-top-column elementor-element elementor-element-6c614d09\" data-id=\"6c614d09\" data-element_type=\"column\">\n\t\t\t<div class=\"elementor-column-wrap elementor-element-populated\">\n\t\t\t\t\t\t\t<div class=\"elementor-widget-wrap\">\n\t\t\t\t\t\t<div class=\"elementor-element elementor-element-6f7609a3 elementor-widget elementor-widget-heading\" data-id=\"6f7609a3\" data-element_type=\"widget\" data-widget_type=\"heading.default\">\n\t\t\t\t<div class=\"elementor-widget-container\">\n\t\t\t<h4 class=\"elementor-heading-title elementor-size-default\">Apporteurs d'affaires<\/h4>\t\t<\/div>\n\t\t\t\t<\/div>\n\t\t\t\t<div class=\"elementor-element elementor-element-33407e74 elementor-widget elementor-widget-text-editor\" data-id=\"33407e74\" data-element_type=\"widget\" data-widget_type=\"text-editor.default\">\n\t\t\t\t<div class=\"elementor-widget-container\">\n\t\t\t\t\t<div class=\"elementor-text-editor elementor-clearfix\"><span style=\"color: #000000;\">Vous pouvez devenir apporteur d\u2019affaires en nous mettant en contact avec un vendeur ou un acheteur potentiel.\n\n<br>\n<br>\n\n\nEn cas de transaction effective, vous toucherez 25 % de la commission d\u2019iQ Real Estate. S'il y a plusieurs apporteurs d'affaires sur la m\u00eame affaire, ce pourcentage sera divis\u00e9 entre eux.\n\n<br>\n<br>\n\nValidit\u00e9 du dossier apr\u00e8s son introduction = 1 an !<\/span><\/div>\n\t\t\t\t<\/div>\n\t\t\t\t<\/div>\n\t\t\t\t\t\t<\/div>\n\t\t\t\t\t<\/div>\n\t\t<\/div>\n\t\t\t\t\t\t\t\t<\/div>\n\t\t\t\t\t<\/div>\n\t\t<\/section>\n\t\t\t\t\t\t<\/div>\n\t\t\t\t\t\t<\/div>\n\t\t\t\t\t<\/div>","protected":false},"excerpt":{"rendered":"<p>Earn 25% of our fee! Business Intermediaries You can become a business intermediary by referring us to a seller or a potential buyer. In the&hellip;<\/p>","protected":false},"author":1,"featured_media":0,"parent":0,"menu_order":0,"comment_status":"closed","ping_status":"closed","template":"","meta":[],"yoast_head":"<!-- This site is optimized with the Yoast SEO plugin v17.9 - https:\/\/yoast.com\/wordpress\/plugins\/seo\/ -->\n<title>Business intermediaries - iQ Real Estate<\/title>\n<meta name=\"robots\" content=\"index, follow, max-snippet:-1, max-image-preview:large, max-video-preview:-1\" \/>\n<link rel=\"canonical\" href=\"https:\/\/iqrealestate.ch\/fr\/business-intermediaries\/\" \/>\n<meta property=\"og:locale\" content=\"fr_FR\" \/>\n<meta property=\"og:type\" content=\"article\" \/>\n<meta property=\"og:title\" content=\"Business intermediaries - iQ Real Estate\" \/>\n<meta property=\"og:description\" content=\"Earn 25% of our fee! Business Intermediaries You can become a business intermediary by referring us to a seller or a potential buyer. In the&hellip;\" \/>\n<meta property=\"og:url\" content=\"https:\/\/iqrealestate.ch\/fr\/business-intermediaries\/\" \/>\n<meta property=\"og:site_name\" content=\"iQ Real Estate\" \/>\n<meta property=\"article:publisher\" content=\"https:\/\/www.facebook.com\/IQ-Real-Estate-2023640417928491\" \/>\n<meta property=\"article:modified_time\" content=\"2021-01-06T08:49:10+00:00\" \/>\n<meta property=\"og:image\" content=\"https:\/\/iqrealestate.ch\/wp-content\/uploads\/2021\/01\/shakehands-scaled.jpg\" \/>\n<meta name=\"twitter:card\" content=\"summary_large_image\" \/>\n<script type=\"application\/ld+json\" class=\"yoast-schema-graph\">{\"@context\":\"https:\/\/schema.org\",\"@graph\":[{\"@type\":\"Organization\",\"@id\":\"https:\/\/iqrealestate.ch\/en\/#organization\",\"name\":\"iQ Real Estate\",\"url\":\"https:\/\/iqrealestate.ch\/en\/\",\"sameAs\":[\"https:\/\/www.facebook.com\/IQ-Real-Estate-2023640417928491\",\"https:\/\/www.instagram.com\/iq_real_estate_\/\",\"https:\/\/www.linkedin.com\/in\/brunostuder\/\"],\"logo\":{\"@type\":\"ImageObject\",\"@id\":\"https:\/\/iqrealestate.ch\/en\/#logo\",\"inLanguage\":\"fr-FR\",\"url\":\"https:\/\/iqrealestate.ch\/wp-content\/uploads\/2020\/12\/logo_iqrealestate.png\",\"contentUrl\":\"https:\/\/iqrealestate.ch\/wp-content\/uploads\/2020\/12\/logo_iqrealestate.png\",\"width\":246,\"height\":181,\"caption\":\"iQ Real Estate\"},\"image\":{\"@id\":\"https:\/\/iqrealestate.ch\/en\/#logo\"}},{\"@type\":\"WebSite\",\"@id\":\"https:\/\/iqrealestate.ch\/en\/#website\",\"url\":\"https:\/\/iqrealestate.ch\/en\/\",\"name\":\"iQ Real Estate\",\"description\":\"Achat et vente de biens; choisissez la r\\u00e9f\\u00e9rence \\u00e0 Gen\\u00e8ve\",\"publisher\":{\"@id\":\"https:\/\/iqrealestate.ch\/en\/#organization\"},\"potentialAction\":[{\"@type\":\"SearchAction\",\"target\":{\"@type\":\"EntryPoint\",\"urlTemplate\":\"https:\/\/iqrealestate.ch\/en\/?s={search_term_string}\"},\"query-input\":\"required name=search_term_string\"}],\"inLanguage\":\"fr-FR\"},{\"@type\":\"ImageObject\",\"@id\":\"https:\/\/iqrealestate.ch\/business-intermediaries\/#primaryimage\",\"inLanguage\":\"fr-FR\",\"url\":\"https:\/\/iqrealestate.ch\/wp-content\/uploads\/2021\/01\/shakehands-scaled.jpg\",\"contentUrl\":\"https:\/\/iqrealestate.ch\/wp-content\/uploads\/2021\/01\/shakehands-scaled.jpg\",\"width\":2560,\"height\":1707},{\"@type\":\"WebPage\",\"@id\":\"https:\/\/iqrealestate.ch\/business-intermediaries\/#webpage\",\"url\":\"https:\/\/iqrealestate.ch\/business-intermediaries\/\",\"name\":\"Business intermediaries - iQ Real Estate\",\"isPartOf\":{\"@id\":\"https:\/\/iqrealestate.ch\/en\/#website\"},\"primaryImageOfPage\":{\"@id\":\"https:\/\/iqrealestate.ch\/business-intermediaries\/#primaryimage\"},\"datePublished\":\"2020-12-27T17:41:53+00:00\",\"dateModified\":\"2021-01-06T08:49:10+00:00\",\"breadcrumb\":{\"@id\":\"https:\/\/iqrealestate.ch\/business-intermediaries\/#breadcrumb\"},\"inLanguage\":\"fr-FR\",\"potentialAction\":[{\"@type\":\"ReadAction\",\"target\":[\"https:\/\/iqrealestate.ch\/business-intermediaries\/\"]}]},{\"@type\":\"BreadcrumbList\",\"@id\":\"https:\/\/iqrealestate.ch\/business-intermediaries\/#breadcrumb\",\"itemListElement\":[{\"@type\":\"ListItem\",\"position\":1,\"name\":\"Accueil\",\"item\":\"https:\/\/iqrealestate.ch\/\"},{\"@type\":\"ListItem\",\"position\":2,\"name\":\"Business intermediaries\"}]}]}<\/script>\n<!-- \/ Yoast SEO plugin. -->","yoast_head_json":{"title":"Business intermediaries - iQ Real Estate","robots":{"index":"index","follow":"follow","max-snippet":"max-snippet:-1","max-image-preview":"max-image-preview:large","max-video-preview":"max-video-preview:-1"},"canonical":"https:\/\/iqrealestate.ch\/fr\/business-intermediaries\/","og_locale":"fr_FR","og_type":"article","og_title":"Business intermediaries - iQ Real Estate","og_description":"Earn 25% of our fee! Business Intermediaries You can become a business intermediary by referring us to a seller or a potential buyer. In the&hellip;","og_url":"https:\/\/iqrealestate.ch\/fr\/business-intermediaries\/","og_site_name":"iQ Real Estate","article_publisher":"https:\/\/www.facebook.com\/IQ-Real-Estate-2023640417928491","article_modified_time":"2021-01-06T08:49:10+00:00","og_image":[{"url":"https:\/\/iqrealestate.ch\/wp-content\/uploads\/2021\/01\/shakehands-scaled.jpg"}],"twitter_card":"summary_large_image","schema":{"@context":"https:\/\/schema.org","@graph":[{"@type":"Organization","@id":"https:\/\/iqrealestate.ch\/en\/#organization","name":"iQ Real Estate","url":"https:\/\/iqrealestate.ch\/en\/","sameAs":["https:\/\/www.facebook.com\/IQ-Real-Estate-2023640417928491","https:\/\/www.instagram.com\/iq_real_estate_\/","https:\/\/www.linkedin.com\/in\/brunostuder\/"],"logo":{"@type":"ImageObject","@id":"https:\/\/iqrealestate.ch\/en\/#logo","inLanguage":"fr-FR","url":"https:\/\/iqrealestate.ch\/wp-content\/uploads\/2020\/12\/logo_iqrealestate.png","contentUrl":"https:\/\/iqrealestate.ch\/wp-content\/uploads\/2020\/12\/logo_iqrealestate.png","width":246,"height":181,"caption":"iQ Real Estate"},"image":{"@id":"https:\/\/iqrealestate.ch\/en\/#logo"}},{"@type":"WebSite","@id":"https:\/\/iqrealestate.ch\/en\/#website","url":"https:\/\/iqrealestate.ch\/en\/","name":"iQ Real Estate","description":"Achat et vente de biens; choisissez la r\u00e9f\u00e9rence \u00e0 Gen\u00e8ve","publisher":{"@id":"https:\/\/iqrealestate.ch\/en\/#organization"},"potentialAction":[{"@type":"SearchAction","target":{"@type":"EntryPoint","urlTemplate":"https:\/\/iqrealestate.ch\/en\/?s={search_term_string}"},"query-input":"required name=search_term_string"}],"inLanguage":"fr-FR"},{"@type":"ImageObject","@id":"https:\/\/iqrealestate.ch\/business-intermediaries\/#primaryimage","inLanguage":"fr-FR","url":"https:\/\/iqrealestate.ch\/wp-content\/uploads\/2021\/01\/shakehands-scaled.jpg","contentUrl":"https:\/\/iqrealestate.ch\/wp-content\/uploads\/2021\/01\/shakehands-scaled.jpg","width":2560,"height":1707},{"@type":"WebPage","@id":"https:\/\/iqrealestate.ch\/business-intermediaries\/#webpage","url":"https:\/\/iqrealestate.ch\/business-intermediaries\/","name":"Business intermediaries - iQ Real Estate","isPartOf":{"@id":"https:\/\/iqrealestate.ch\/en\/#website"},"primaryImageOfPage":{"@id":"https:\/\/iqrealestate.ch\/business-intermediaries\/#primaryimage"},"datePublished":"2020-12-27T17:41:53+00:00","dateModified":"2021-01-06T08:49:10+00:00","breadcrumb":{"@id":"https:\/\/iqrealestate.ch\/business-intermediaries\/#breadcrumb"},"inLanguage":"fr-FR","potentialAction":[{"@type":"ReadAction","target":["https:\/\/iqrealestate.ch\/business-intermediaries\/"]}]},{"@type":"BreadcrumbList","@id":"https:\/\/iqrealestate.ch\/business-intermediaries\/#breadcrumb","itemListElement":[{"@type":"ListItem","position":1,"name":"Accueil","item":"https:\/\/iqrealestate.ch\/"},{"@type":"ListItem","position":2,"name":"Business intermediaries"}]}]}},"_links":{"self":[{"href":"https:\/\/iqrealestate.ch\/fr\/wp-json\/wp\/v2\/pages\/1608"}],"collection":[{"href":"https:\/\/iqrealestate.ch\/fr\/wp-json\/wp\/v2\/pages"}],"about":[{"href":"https:\/\/iqrealestate.ch\/fr\/wp-json\/wp\/v2\/types\/page"}],"author":[{"embeddable":true,"href":"https:\/\/iqrealestate.ch\/fr\/wp-json\/wp\/v2\/users\/1"}],"replies":[{"embeddable":true,"href":"https:\/\/iqrealestate.ch\/fr\/wp-json\/wp\/v2\/comments?post=1608"}],"version-history":[{"count":7,"href":"https:\/\/iqrealestate.ch\/fr\/wp-json\/wp\/v2\/pages\/1608\/revisions"}],"predecessor-version":[{"id":1682,"href":"https:\/\/iqrealestate.ch\/fr\/wp-json\/wp\/v2\/pages\/1608\/revisions\/1682"}],"wp:attachment":[{"href":"https:\/\/iqrealestate.ch\/fr\/wp-json\/wp\/v2\/media?parent=1608"}],"curies":[{"name":"wp","href":"https:\/\/api.w.org\/{rel}","templated":true}]}}