{"id":1595,"date":"2020-12-27T17:13:20","date_gmt":"2020-12-27T17:13:20","guid":{"rendered":"https:\/\/iqrealestate.ch?page_id=1595"},"modified":"2024-01-04T22:30:55","modified_gmt":"2024-01-04T22:30:55","slug":"properties","status":"publish","type":"page","link":"https:\/\/iqrealestate.ch\/fr\/properties\/","title":{"rendered":"Propri\u00e9t\u00e9s"},"content":{"rendered":"<div data-elementor-type=\"wp-page\" data-elementor-id=\"1595\" class=\"elementor elementor-1595\" data-elementor-settings=\"[]\">\n\t\t\t\t\t\t<div class=\"elementor-inner\">\n\t\t\t\t\t\t\t<div class=\"elementor-section-wrap\">\n\t\t\t\t\t\t\t<section class=\"elementor-section elementor-top-section elementor-element elementor-element-3d89737 elementor-section-boxed elementor-section-height-default elementor-section-height-default\" data-id=\"3d89737\" data-element_type=\"section\">\n\t\t\t\t\t\t<div class=\"elementor-container elementor-column-gap-default\">\n\t\t\t\t\t\t\t<div class=\"elementor-row\">\n\t\t\t\t\t<div class=\"elementor-column elementor-col-100 elementor-top-column elementor-element elementor-element-27d8cfc\" data-id=\"27d8cfc\" data-element_type=\"column\">\n\t\t\t<div class=\"elementor-column-wrap elementor-element-populated\">\n\t\t\t\t\t\t\t<div class=\"elementor-widget-wrap\">\n\t\t\t\t\t\t<div class=\"elementor-element elementor-element-9a984b0 elementor-widget elementor-widget-text-editor\" data-id=\"9a984b0\" data-element_type=\"widget\" data-widget_type=\"text-editor.default\">\n\t\t\t\t<div class=\"elementor-widget-container\">\n\t\t\t\t\t<div class=\"elementor-text-editor elementor-clearfix\"><style>\n  \/* Default styles for larger screens *\/\n  iframe {\n    width: 100%;\n    height: 2030px;\n    scrolling: no;\n  }\n\n  \/* Media query for smaller screens (e.g., mobile) *\/\n  @media (max-width: 480px) {\n    iframe {\n      height: 6090px; \/* Adjust the height for displaying 3 properties *\/\n    }\n  }\n<\/style>\n\n<iframe src=\"https:\/\/iqre.realforce.ch\/sale-listings?per_page=10&amp;lang=fr&amp;order_by=creation_desc&amp;page=1\" scrolling=\"no\"><\/iframe>\n<\/div>\n\t\t\t\t<\/div>\n\t\t\t\t<\/div>\n\t\t\t\t\t\t<\/div>\n\t\t\t\t\t<\/div>\n\t\t<\/div>\n\t\t\t\t\t\t\t\t<\/div>\n\t\t\t\t\t<\/div>\n\t\t<\/section>\n\t\t\t\t\t\t<\/div>\n\t\t\t\t\t\t<\/div>\n\t\t\t\t\t<\/div>","protected":false},"excerpt":{"rendered":"","protected":false},"author":1,"featured_media":0,"parent":0,"menu_order":0,"comment_status":"closed","ping_status":"closed","template":"","meta":[],"yoast_head":"<!-- This site is optimized with the Yoast SEO plugin v17.9 - https:\/\/yoast.com\/wordpress\/plugins\/seo\/ -->\n<title>proprieties - iQ Real Estate<\/title>\n<meta name=\"robots\" content=\"index, follow, max-snippet:-1, max-image-preview:large, max-video-preview:-1\" \/>\n<link rel=\"canonical\" href=\"https:\/\/iqrealestate.ch\/fr\/properties\/\" \/>\n<meta property=\"og:locale\" content=\"fr_FR\" \/>\n<meta property=\"og:type\" content=\"article\" \/>\n<meta property=\"og:title\" content=\"proprieties - iQ Real Estate\" \/>\n<meta property=\"og:url\" content=\"https:\/\/iqrealestate.ch\/fr\/properties\/\" \/>\n<meta property=\"og:site_name\" content=\"iQ Real Estate\" \/>\n<meta property=\"article:publisher\" content=\"https:\/\/www.facebook.com\/IQ-Real-Estate-2023640417928491\" \/>\n<meta property=\"article:modified_time\" content=\"2024-01-04T22:30:55+00:00\" \/>\n<meta name=\"twitter:card\" content=\"summary_large_image\" \/>\n<meta name=\"twitter:label1\" content=\"Dur\u00e9e de lecture estim\u00e9e\" \/>\n\t<meta name=\"twitter:data1\" content=\"1 minute\" \/>\n<script type=\"application\/ld+json\" class=\"yoast-schema-graph\">{\"@context\":\"https:\/\/schema.org\",\"@graph\":[{\"@type\":\"Organization\",\"@id\":\"https:\/\/iqrealestate.ch\/en\/#organization\",\"name\":\"iQ Real Estate\",\"url\":\"https:\/\/iqrealestate.ch\/en\/\",\"sameAs\":[\"https:\/\/www.facebook.com\/IQ-Real-Estate-2023640417928491\",\"https:\/\/www.instagram.com\/iq_real_estate_\/\",\"https:\/\/www.linkedin.com\/in\/brunostuder\/\"],\"logo\":{\"@type\":\"ImageObject\",\"@id\":\"https:\/\/iqrealestate.ch\/en\/#logo\",\"inLanguage\":\"fr-FR\",\"url\":\"https:\/\/iqrealestate.ch\/wp-content\/uploads\/2020\/12\/logo_iqrealestate.png\",\"contentUrl\":\"https:\/\/iqrealestate.ch\/wp-content\/uploads\/2020\/12\/logo_iqrealestate.png\",\"width\":246,\"height\":181,\"caption\":\"iQ Real Estate\"},\"image\":{\"@id\":\"https:\/\/iqrealestate.ch\/en\/#logo\"}},{\"@type\":\"WebSite\",\"@id\":\"https:\/\/iqrealestate.ch\/en\/#website\",\"url\":\"https:\/\/iqrealestate.ch\/en\/\",\"name\":\"iQ Real Estate\",\"description\":\"Achat et vente de biens; choisissez la r\\u00e9f\\u00e9rence \\u00e0 Gen\\u00e8ve\",\"publisher\":{\"@id\":\"https:\/\/iqrealestate.ch\/en\/#organization\"},\"potentialAction\":[{\"@type\":\"SearchAction\",\"target\":{\"@type\":\"EntryPoint\",\"urlTemplate\":\"https:\/\/iqrealestate.ch\/en\/?s={search_term_string}\"},\"query-input\":\"required name=search_term_string\"}],\"inLanguage\":\"fr-FR\"},{\"@type\":\"WebPage\",\"@id\":\"https:\/\/iqrealestate.ch\/properties\/#webpage\",\"url\":\"https:\/\/iqrealestate.ch\/properties\/\",\"name\":\"proprieties - iQ Real Estate\",\"isPartOf\":{\"@id\":\"https:\/\/iqrealestate.ch\/en\/#website\"},\"datePublished\":\"2020-12-27T17:13:20+00:00\",\"dateModified\":\"2024-01-04T22:30:55+00:00\",\"breadcrumb\":{\"@id\":\"https:\/\/iqrealestate.ch\/properties\/#breadcrumb\"},\"inLanguage\":\"fr-FR\",\"potentialAction\":[{\"@type\":\"ReadAction\",\"target\":[\"https:\/\/iqrealestate.ch\/properties\/\"]}]},{\"@type\":\"BreadcrumbList\",\"@id\":\"https:\/\/iqrealestate.ch\/properties\/#breadcrumb\",\"itemListElement\":[{\"@type\":\"ListItem\",\"position\":1,\"name\":\"Accueil\",\"item\":\"https:\/\/iqrealestate.ch\/\"},{\"@type\":\"ListItem\",\"position\":2,\"name\":\"proprieties\"}]}]}<\/script>\n<!-- \/ Yoast SEO plugin. -->","yoast_head_json":{"title":"proprieties - iQ Real Estate","robots":{"index":"index","follow":"follow","max-snippet":"max-snippet:-1","max-image-preview":"max-image-preview:large","max-video-preview":"max-video-preview:-1"},"canonical":"https:\/\/iqrealestate.ch\/fr\/properties\/","og_locale":"fr_FR","og_type":"article","og_title":"proprieties - iQ Real Estate","og_url":"https:\/\/iqrealestate.ch\/fr\/properties\/","og_site_name":"iQ Real Estate","article_publisher":"https:\/\/www.facebook.com\/IQ-Real-Estate-2023640417928491","article_modified_time":"2024-01-04T22:30:55+00:00","twitter_card":"summary_large_image","twitter_misc":{"Dur\u00e9e de lecture estim\u00e9e":"1 minute"},"schema":{"@context":"https:\/\/schema.org","@graph":[{"@type":"Organization","@id":"https:\/\/iqrealestate.ch\/en\/#organization","name":"iQ Real Estate","url":"https:\/\/iqrealestate.ch\/en\/","sameAs":["https:\/\/www.facebook.com\/IQ-Real-Estate-2023640417928491","https:\/\/www.instagram.com\/iq_real_estate_\/","https:\/\/www.linkedin.com\/in\/brunostuder\/"],"logo":{"@type":"ImageObject","@id":"https:\/\/iqrealestate.ch\/en\/#logo","inLanguage":"fr-FR","url":"https:\/\/iqrealestate.ch\/wp-content\/uploads\/2020\/12\/logo_iqrealestate.png","contentUrl":"https:\/\/iqrealestate.ch\/wp-content\/uploads\/2020\/12\/logo_iqrealestate.png","width":246,"height":181,"caption":"iQ Real Estate"},"image":{"@id":"https:\/\/iqrealestate.ch\/en\/#logo"}},{"@type":"WebSite","@id":"https:\/\/iqrealestate.ch\/en\/#website","url":"https:\/\/iqrealestate.ch\/en\/","name":"iQ Real Estate","description":"Achat et vente de biens; choisissez la r\u00e9f\u00e9rence \u00e0 Gen\u00e8ve","publisher":{"@id":"https:\/\/iqrealestate.ch\/en\/#organization"},"potentialAction":[{"@type":"SearchAction","target":{"@type":"EntryPoint","urlTemplate":"https:\/\/iqrealestate.ch\/en\/?s={search_term_string}"},"query-input":"required name=search_term_string"}],"inLanguage":"fr-FR"},{"@type":"WebPage","@id":"https:\/\/iqrealestate.ch\/properties\/#webpage","url":"https:\/\/iqrealestate.ch\/properties\/","name":"proprieties - iQ Real Estate","isPartOf":{"@id":"https:\/\/iqrealestate.ch\/en\/#website"},"datePublished":"2020-12-27T17:13:20+00:00","dateModified":"2024-01-04T22:30:55+00:00","breadcrumb":{"@id":"https:\/\/iqrealestate.ch\/properties\/#breadcrumb"},"inLanguage":"fr-FR","potentialAction":[{"@type":"ReadAction","target":["https:\/\/iqrealestate.ch\/properties\/"]}]},{"@type":"BreadcrumbList","@id":"https:\/\/iqrealestate.ch\/properties\/#breadcrumb","itemListElement":[{"@type":"ListItem","position":1,"name":"Accueil","item":"https:\/\/iqrealestate.ch\/"},{"@type":"ListItem","position":2,"name":"proprieties"}]}]}},"_links":{"self":[{"href":"https:\/\/iqrealestate.ch\/fr\/wp-json\/wp\/v2\/pages\/1595"}],"collection":[{"href":"https:\/\/iqrealestate.ch\/fr\/wp-json\/wp\/v2\/pages"}],"about":[{"href":"https:\/\/iqrealestate.ch\/fr\/wp-json\/wp\/v2\/types\/page"}],"author":[{"embeddable":true,"href":"https:\/\/iqrealestate.ch\/fr\/wp-json\/wp\/v2\/users\/1"}],"replies":[{"embeddable":true,"href":"https:\/\/iqrealestate.ch\/fr\/wp-json\/wp\/v2\/comments?post=1595"}],"version-history":[{"count":32,"href":"https:\/\/iqrealestate.ch\/fr\/wp-json\/wp\/v2\/pages\/1595\/revisions"}],"predecessor-version":[{"id":2197,"href":"https:\/\/iqrealestate.ch\/fr\/wp-json\/wp\/v2\/pages\/1595\/revisions\/2197"}],"wp:attachment":[{"href":"https:\/\/iqrealestate.ch\/fr\/wp-json\/wp\/v2\/media?parent=1595"}],"curies":[{"name":"wp","href":"https:\/\/api.w.org\/{rel}","templated":true}]}}